{"id":70,"date":"2026-04-12T08:17:28","date_gmt":"2026-04-12T08:17:28","guid":{"rendered":"https:\/\/medical-maritime-test.com\/mentions-legales\/"},"modified":"2026-04-17T11:11:52","modified_gmt":"2026-04-17T11:11:52","slug":"mentions-legales","status":"publish","type":"page","link":"https:\/\/medical-maritime-test.com\/fr_fr\/mentions-legales\/","title":{"rendered":"Mentions L\u00e9gales"},"content":{"rendered":"\n<div class=\"wp-block-group alignfull is-style-ext-preset--group--natural-1--section has-background-background-color has-background has-global-padding is-layout-constrained wp-container-core-group-is-layout-6150fac0 wp-block-group-is-layout-constrained\" style=\"margin-top:0;margin-bottom:0;padding-top:var(--wp--preset--spacing--70);padding-bottom:var(--wp--preset--spacing--70)\">\n<p class=\"ext-animate--on\"><strong>Information importante: Ce mod\u00e8le d&rsquo;impressum a \u00e9t\u00e9 \u00e9labor\u00e9 avec le plus grand soin. N\u00e9anmoins, nous ne garantissons pas l&rsquo;exhaustivit\u00e9 et l&rsquo;exactitude du contenu, ni sa conformit\u00e9 juridique. Il est de la responsabilit\u00e9 de l&rsquo;utilisateur d&rsquo;adapter le mod\u00e8le aux dispositions l\u00e9gales en vigueur et de v\u00e9rifier son actualit\u00e9. Toute responsabilit\u00e9 pour les dommages r\u00e9sultant directement ou indirectement de l&rsquo;utilisation de ce mod\u00e8le est exclue.<\/strong> <br><br> <strong>\u00c9diteur du site:<\/strong><br> Medical Maritime Test<br> 26 Allee Stendhal<br> 13500, Martigues<br> FRANCE<br><br> <strong>Coordonn\u00e9es:<\/strong><br> T\u00e9l\u00e9phone: +33 7 82 75 55 11<br> E-mail: contact@medical-maritime-test<br> Site web: www.medical-maritime-test.com<br><br> <strong>Repr\u00e9sentant l\u00e9gal:<\/strong><br> Kamel Said-Mansour<br> Manager<br><br> <strong>Informations sur l\u2019entreprise:<\/strong><br> RCS: 101440923<br> Informations fiscales: TVA non applicable, art. 293 B du CGI<br><br> <strong>Derni\u00e8re mise \u00e0 jour:<\/strong><br> 17\/04\/2026<\/p>\n<\/div>\n","protected":false},"excerpt":{"rendered":"<p>Information importante: Ce mod\u00e8le d&rsquo;impressum a \u00e9t\u00e9 \u00e9labor\u00e9 avec le plus grand soin. N\u00e9anmoins, nous ne garantissons pas l&rsquo;exhaustivit\u00e9 et l&rsquo;exactitude du contenu, ni sa conformit\u00e9 juridique. Il est de la responsabilit\u00e9 de l&rsquo;utilisateur d&rsquo;adapter le mod\u00e8le aux dispositions l\u00e9gales en vigueur et de v\u00e9rifier son actualit\u00e9. Toute responsabilit\u00e9 pour les dommages r\u00e9sultant directement ou [&hellip;]<\/p>\n","protected":false},"author":1,"featured_media":0,"parent":0,"menu_order":0,"comment_status":"closed","ping_status":"closed","template":"page-with-title","meta":{"footnotes":""},"class_list":["post-70","page","type-page","status-publish","hentry"],"_links":{"self":[{"href":"https:\/\/medical-maritime-test.com\/fr_fr\/wp-json\/wp\/v2\/pages\/70","targetHints":{"allow":["GET"]}}],"collection":[{"href":"https:\/\/medical-maritime-test.com\/fr_fr\/wp-json\/wp\/v2\/pages"}],"about":[{"href":"https:\/\/medical-maritime-test.com\/fr_fr\/wp-json\/wp\/v2\/types\/page"}],"author":[{"embeddable":true,"href":"https:\/\/medical-maritime-test.com\/fr_fr\/wp-json\/wp\/v2\/users\/1"}],"replies":[{"embeddable":true,"href":"https:\/\/medical-maritime-test.com\/fr_fr\/wp-json\/wp\/v2\/comments?post=70"}],"version-history":[{"count":20,"href":"https:\/\/medical-maritime-test.com\/fr_fr\/wp-json\/wp\/v2\/pages\/70\/revisions"}],"predecessor-version":[{"id":353,"href":"https:\/\/medical-maritime-test.com\/fr_fr\/wp-json\/wp\/v2\/pages\/70\/revisions\/353"}],"wp:attachment":[{"href":"https:\/\/medical-maritime-test.com\/fr_fr\/wp-json\/wp\/v2\/media?parent=70"}],"curies":[{"name":"wp","href":"https:\/\/api.w.org\/{rel}","templated":true}]}}